{"id":82,"date":"2026-04-15T18:31:07","date_gmt":"2026-04-15T18:31:07","guid":{"rendered":"https:\/\/itcothema.be\/enseignement\/?page_id=82"},"modified":"2026-04-15T18:31:38","modified_gmt":"2026-04-15T18:31:38","slug":"repertoire-de-fresques-didactiques","status":"publish","type":"page","link":"https:\/\/itcothema.be\/enseignement\/repertoire-de-fresques-didactiques\/","title":{"rendered":"R\u00e9pertoire de fresques didactiques"},"content":{"rendered":"\n<h3 class=\"wp-block-heading\">Fran\u00e7ais (et FLE)<\/h3>\n\n\n\n<p><strong>Fresque de la conjugaison<\/strong>\u00a0(<a href=\"https:\/\/itcothema.be\/\" target=\"_blank\" rel=\"noreferrer noopener\">licence CC0<\/a>)<\/p>\n\n\n\n<p><a href=\"https:\/\/itcothema.be\/kititcothema\/ItCoThema_BE_ENSEIGNEMENT_Fresque_FR_Conjugaison_v20250930.pptx\" target=\"_blank\" rel=\"noreferrer noopener\">Fichier PowerPoint<\/a><\/p>\n\n\n\n<p>Cartes \u00e0 imprimer \u2013 Images du kit Conjugaison pr\u00eates \u00e0 \u00eatre imprim\u00e9es en format 10\u00d715 (27 images : distribuer 10 puis 9 puis 8) :\u00a0<a href=\"https:\/\/itcothema.be\/kititcothema\/ItCoThema_BE_ENSEIGNEMENT_Fresque_FR_Conjugaison_v20250930.zip\" target=\"_blank\" rel=\"noreferrer noopener\">cliquer ici pour le fichier ZIP<\/a><\/p>\n\n\n\n<p>T\u00e9l\u00e9chargez les fichiers et adaptez-les cartes de la fresque en fonction de vos besoins et de votre formation<\/p>\n\n\n\n<hr class=\"wp-block-separator has-alpha-channel-opacity\"\/>\n\n\n\n<h3 class=\"wp-block-heading\">Sciences \u00e9conomiques<\/h3>\n\n\n\n<p><strong>Comptabilit\u00e9 en partie double \u2013 fresque Bilan et Compte de R\u00e9sultat<\/strong>\u00a0(<a href=\"https:\/\/itcothema.be\/\" target=\"_blank\" rel=\"noreferrer noopener\">licence CC0<\/a>)<\/p>\n\n\n\n<p><a href=\"https:\/\/itcothema.be\/kititcothema\/ItCoThema_BE_ENSEIGNEMENT_Fresque_CPT4C_COMPTA_DBL_v20260121.pptx\" target=\"_blank\" rel=\"noreferrer noopener\">Fichier Powerpoint<\/a><\/p>\n\n\n\n<p>Images du kit Comptabilit\u00e9 en partie double pr\u00eates \u00e0 \u00eatre imprim\u00e9es en format 10\u00d715 (28 images : distribuer 10 puis 10 puis 8) :\u00a0<a href=\"https:\/\/itcothema.be\/kititcothema\/ItCoThema_BE_ENSEIGNEMENT_Fresque_CPT4C_COMPTA_DBL_v20260121IMG.zip\" target=\"_blank\" rel=\"noreferrer noopener\">t\u00e9l\u00e9chargez le fichier zip qui comprend le dossier avec les 28 images num\u00e9rot\u00e9es<\/a><\/p>\n\n\n\n<hr class=\"wp-block-separator has-alpha-channel-opacity\"\/>\n\n\n\n<p><strong>Comptabilit\u00e9 simplifi\u00e9e \u2013 fresque entr\u00e9es sorties<\/strong>\u00a0(<a href=\"https:\/\/itcothema.be\/\" target=\"_blank\" rel=\"noreferrer noopener\">licence CC0<\/a>)<\/p>\n\n\n\n<p><a href=\"https:\/\/itcothema.be\/kititcothema\/ItCoThema_BE_ENSEIGNEMENT_Fresque_CPTS_COMPTA_SMPL_v20260121.pptx\" target=\"_blank\" rel=\"noreferrer noopener\">Fichier Powerpoint<\/a><\/p>\n\n\n\n<p>Images du kit Comptabilit\u00e9 simplifi\u00e9e pr\u00eates \u00e0 \u00eatre imprim\u00e9es en format 10\u00d715 (26 images : distribuer 10 puis 8 puis 8) :\u00a0<a href=\"https:\/\/itcothema.be\/kititcothema\/ItCoThema_BE_ENSEIGNEMENT_Fresque_CPTS_COMPTA_SMPL_v20260121HQ.zip\" target=\"_blank\" rel=\"noreferrer noopener\">t\u00e9l\u00e9chargez le fichier zip qui comprend le dossier avec les 26 images num\u00e9rot\u00e9es<\/a><\/p>\n\n\n\n<p><\/p>\n","protected":false},"excerpt":{"rendered":"<p>Fran\u00e7ais (et FLE) Fresque de la conjugaison\u00a0(licence CC0) Fichier PowerPoint Cartes \u00e0 imprimer \u2013 Images du kit Conjugaison pr\u00eates \u00e0 \u00eatre imprim\u00e9es en format 10\u00d715 (27 images : distribuer 10 puis 9 puis 8) :\u00a0cliquer ici pour le fichier ZIP T\u00e9l\u00e9chargez les fichiers et adaptez-les cartes de la fresque en fonction de vos besoins et [&hellip;]<\/p>\n","protected":false},"author":1,"featured_media":0,"parent":0,"menu_order":0,"comment_status":"closed","ping_status":"closed","template":"","meta":{"footnotes":""},"class_list":["post-82","page","type-page","status-publish","hentry"],"_links":{"self":[{"href":"https:\/\/itcothema.be\/enseignement\/wp-json\/wp\/v2\/pages\/82","targetHints":{"allow":["GET"]}}],"collection":[{"href":"https:\/\/itcothema.be\/enseignement\/wp-json\/wp\/v2\/pages"}],"about":[{"href":"https:\/\/itcothema.be\/enseignement\/wp-json\/wp\/v2\/types\/page"}],"author":[{"embeddable":true,"href":"https:\/\/itcothema.be\/enseignement\/wp-json\/wp\/v2\/users\/1"}],"replies":[{"embeddable":true,"href":"https:\/\/itcothema.be\/enseignement\/wp-json\/wp\/v2\/comments?post=82"}],"version-history":[{"count":2,"href":"https:\/\/itcothema.be\/enseignement\/wp-json\/wp\/v2\/pages\/82\/revisions"}],"predecessor-version":[{"id":84,"href":"https:\/\/itcothema.be\/enseignement\/wp-json\/wp\/v2\/pages\/82\/revisions\/84"}],"wp:attachment":[{"href":"https:\/\/itcothema.be\/enseignement\/wp-json\/wp\/v2\/media?parent=82"}],"curies":[{"name":"wp","href":"https:\/\/api.w.org\/{rel}","templated":true}]}}