{"id":50,"date":"2023-08-07T18:05:50","date_gmt":"2023-08-07T16:05:50","guid":{"rendered":"https:\/\/itcothema.org\/?page_id=50"},"modified":"2026-04-15T21:18:43","modified_gmt":"2026-04-15T19:18:43","slug":"items-compositions-theses-en-methode-ascendante","status":"publish","type":"page","link":"https:\/\/itcothema.be\/","title":{"rendered":"Items &#8211; Compositions &#8211; Th\u00e8ses en m\u00e9thode ascendante"},"content":{"rendered":"\n<p>Initiative en domaine public pour faciliter les d\u00e9bats et les analyses.<\/p>\n\n\n\n<p class=\"has-background\" style=\"background:linear-gradient(135deg,rgb(254,205,165) 32%,rgb(254,45,45) 70%,rgb(107,0,62) 100%)\"><strong>ItCoThema<\/strong> <strong>Belgique<\/strong><\/p>\n\n\n\n<p><br>L&rsquo;entit\u00e9 belge <a href=\"https:\/\/itcothema.org\/\" target=\"_blank\" rel=\"noreferrer noopener\">ItCoThema<\/a> vous accompagne localement et travaille sur les contenus sp\u00e9cifiques \u00e0 la Belgique.<\/p>\n\n\n\n<div class=\"wp-block-columns alignwide is-layout-flex wp-container-core-columns-is-layout-d2da2050 wp-block-columns-is-layout-flex\" style=\"margin-bottom:0\">\n<div class=\"wp-block-column has-text-color has-background has-link-color wp-elements-55d727a57b352fdd4273b091bd788831 is-layout-flow wp-block-column-is-layout-flow\" style=\"color:#000000;background-color:#ffe97d;padding-top:2em;padding-right:2em;padding-bottom:2em;padding-left:2em\">\n<h2 class=\"wp-block-heading\" id=\"single\" style=\"font-size:clamp(24.034px, 1.502rem + ((1vw - 3.2px) * 1.814), 40px);\"><strong>Items<\/strong><\/h2>\n<\/div>\n\n\n\n<div class=\"wp-block-column has-text-color has-background has-link-color wp-elements-ab4ffb4932ea1e47da1adf9b553422a0 is-layout-flow wp-block-column-is-layout-flow\" style=\"color:#000000;background-color:#d1d1e1;padding-top:2em;padding-right:2em;padding-bottom:2em;padding-left:2em\">\n<h2 class=\"wp-block-heading\" id=\"family\" style=\"font-size:clamp(24.034px, 1.502rem + ((1vw - 3.2px) * 1.814), 40px);\"><strong>Compositions<\/strong><\/h2>\n<\/div>\n\n\n\n<div class=\"wp-block-column has-text-color has-background has-link-color wp-elements-2a78846b0855b3f885c6f06cbdf80fff is-layout-flow wp-block-column-is-layout-flow\" style=\"color:#000000;background-color:#c0ebf1;padding-top:2em;padding-right:2em;padding-bottom:2em;padding-left:2em\">\n<h2 class=\"wp-block-heading\" id=\"patron\" style=\"font-size:clamp(24.034px, 1.502rem + ((1vw - 3.2px) * 1.814), 40px);\"><strong>Th\u00e8ses<\/strong><\/h2>\n<\/div>\n<\/div>\n\n\n\n<blockquote class=\"wp-block-quote is-layout-flow wp-block-quote-is-layout-flow\">\n<p>Documentation compl\u00e8te sur <a href=\"http:\/\/www.itcothema.org\">www.itcothema.org<\/a><\/p>\n<cite>D\u00e9couvrez l&rsquo;approche ItCoThema en d\u00e9tails et en vid\u00e9os<\/cite><\/blockquote>\n\n\n\n<div class=\"wp-block-cover alignfull is-light\" style=\"min-height:100vh;aspect-ratio:unset;\"><span aria-hidden=\"true\" class=\"wp-block-cover__background has-background-dim-100 has-background-dim\" style=\"background-color:#ffffff\"><\/span><div class=\"wp-block-cover__inner-container is-layout-flow wp-block-cover-is-layout-flow\">\n<div class=\"wp-block-media-text alignwide is-stacked-on-mobile is-vertically-aligned-center is-image-fill-element\" style=\"grid-template-columns:56% auto\"><figure class=\"wp-block-media-text__media\"><img decoding=\"async\" src=\"https:\/\/s.w.org\/images\/core\/5.8\/soil.jpg\" alt=\"D\u00e9tail d\u2019une terre s\u00e8che, craquel\u00e9e.\" style=\"object-position:50% 50%\"\/><\/figure><div class=\"wp-block-media-text__content\">\n<h2 class=\"wp-block-heading has-text-color\" style=\"color:#000000;font-size:clamp(20px, 1.25rem + ((1vw - 3.2px) * 1.364), 32px);\">Optimisation de l&rsquo;impact de l&rsquo;IA<\/h2>\n\n\n\n<p class=\"has-text-color\" style=\"color:#000000;font-size:clamp(14px, 0.875rem + ((1vw - 3.2px) * 0.341), 17px);\">L&rsquo;IA g\u00e9n\u00e9rative consomme \u00e9norm\u00e9ment.<\/p>\n\n\n\n<p>ItCoThema propose une optimisation de l&rsquo;utilisation des ressources pour l&rsquo;utilisation de l&rsquo;IA.<\/p>\n\n\n\n<p>ItCoThema est un outil lin\u00e9raire d&rsquo;intelligence collective.<\/p>\n\n\n\n<p>La constitution de compositions demande peu de ressources car le processus est direct et constuit pour \u00eatre r\u00e9utilisable \u00e0 l&rsquo;infini.<\/p>\n\n\n\n<p>L&rsquo;utilisation d&rsquo;une composition dans les prompt am\u00e8ne \u00e0 une augmentation de la qualit\u00e9 des r\u00e9ponses.<\/p>\n\n\n\n<p>Si on a besoin d&rsquo;un prompt \u00e0 la place de deux. C&rsquo;est potentiellement 50% d&rsquo;\u00e9nergie \u00e9conomis\u00e9e en fonction de la demande.<\/p>\n\n\n\n<p>Si une composition permet de faire un seul prompt au lieu de cinq ou plus, le potentiel  augmente en fonction. Le tout gr\u00e2ce \u00e0 un flux ascendant optimis\u00e9.<\/p>\n<\/div><\/div>\n<\/div><\/div>\n\n\n\n<hr class=\"wp-block-separator has-alpha-channel-opacity\"\/>\n\n\n\n<div class=\"wp-block-media-text alignwide has-media-on-the-right is-stacked-on-mobile is-vertically-aligned-center has-background\" style=\"background-color:#c0ebf1\"><div class=\"wp-block-media-text__content\">\n<div class=\"wp-block-group is-layout-flow wp-block-group-is-layout-flow\" style=\"padding-top:2em;padding-right:2em;padding-bottom:2em;padding-left:2em\">\n<p style=\"font-size:clamp(22.041px, 1.378rem + ((1vw - 3.2px) * 1.586), 36px);line-height:1.2\"><strong>En route vers le web 5.0 en F\u00e9d\u00e9ration Wallonie-Bruxelles<\/strong><\/p>\n\n\n\n<p class=\"has-extra-small-font-size\">Mise en place des fondamentaux pour jouer un r\u00f4le moteur au niveau belge et europ\u00e9en.<\/p>\n\n\n\n<p>Avec une identification structurelle des sources officielles et des institutions, la consolidation des compositions prend une autre dimension.<\/p>\n\n\n\n<p>Adoptez l&rsquo;approche ItCoThema et participez \u00e0 la construction de solutions ItCoThema pour structurer le flux ascendant en Belgique.<\/p>\n<\/div>\n<\/div><figure class=\"wp-block-media-text__media\"><img loading=\"lazy\" decoding=\"async\" width=\"1024\" height=\"1024\" src=\"https:\/\/itcothema.be\/wp-content\/uploads\/2026\/04\/DALL\u00b7E-2023-08-08-14.38.34-complete-limage-et-ajoute-un-monument-en-plein-milieu-de-la-place-qui-represente-une-grande-piece-de-puzzle.png\" alt=\"\" class=\"wp-image-156 size-full\" srcset=\"https:\/\/itcothema.be\/wp-content\/uploads\/2026\/04\/DALL\u00b7E-2023-08-08-14.38.34-complete-limage-et-ajoute-un-monument-en-plein-milieu-de-la-place-qui-represente-une-grande-piece-de-puzzle.png 1024w, https:\/\/itcothema.be\/wp-content\/uploads\/2026\/04\/DALL\u00b7E-2023-08-08-14.38.34-complete-limage-et-ajoute-un-monument-en-plein-milieu-de-la-place-qui-represente-une-grande-piece-de-puzzle-300x300.png 300w, https:\/\/itcothema.be\/wp-content\/uploads\/2026\/04\/DALL\u00b7E-2023-08-08-14.38.34-complete-limage-et-ajoute-un-monument-en-plein-milieu-de-la-place-qui-represente-une-grande-piece-de-puzzle-150x150.png 150w, https:\/\/itcothema.be\/wp-content\/uploads\/2026\/04\/DALL\u00b7E-2023-08-08-14.38.34-complete-limage-et-ajoute-un-monument-en-plein-milieu-de-la-place-qui-represente-une-grande-piece-de-puzzle-768x768.png 768w\" sizes=\"auto, (max-width: 1024px) 100vw, 1024px\" \/><\/figure><\/div>\n\n\n\n<div class=\"wp-block-media-text alignwide is-stacked-on-mobile is-vertically-aligned-center has-background\" style=\"background-color:#fffdea\"><figure class=\"wp-block-media-text__media\"><a href=\"https:\/\/itcothema.be\/enseignement\/\"><img loading=\"lazy\" decoding=\"async\" width=\"1024\" height=\"1024\" src=\"https:\/\/itcothema.be\/wp-content\/uploads\/2026\/04\/ItCoThema_etudiants01.png\" alt=\"\" class=\"wp-image-157 size-full\" srcset=\"https:\/\/itcothema.be\/wp-content\/uploads\/2026\/04\/ItCoThema_etudiants01.png 1024w, https:\/\/itcothema.be\/wp-content\/uploads\/2026\/04\/ItCoThema_etudiants01-300x300.png 300w, https:\/\/itcothema.be\/wp-content\/uploads\/2026\/04\/ItCoThema_etudiants01-150x150.png 150w, https:\/\/itcothema.be\/wp-content\/uploads\/2026\/04\/ItCoThema_etudiants01-768x768.png 768w\" sizes=\"auto, (max-width: 1024px) 100vw, 1024px\" \/><\/a><\/figure><div class=\"wp-block-media-text__content\">\n<div class=\"wp-block-group is-layout-flow wp-block-group-is-layout-flow\" style=\"padding-top:2em;padding-right:2em;padding-bottom:2em;padding-left:2em\">\n<p style=\"font-size:clamp(22.041px, 1.378rem + ((1vw - 3.2px) * 1.586), 36px);line-height:1.2\"><strong><a href=\"https:\/\/itcothema.be\/enseignement\/\">ItCoThema pour pr\u00e9parer les jeunes et apporter l&rsquo;engrenage manquant dans le pacte d&rsquo;Excellence<\/a><\/strong><\/p>\n\n\n\n<p class=\"has-extra-small-font-size\">La vision d&rsquo;ensemble est <a href=\"https:\/\/itcothema.be\/enseignement\/\">un outil essentiel<\/a> pour s&rsquo;\u00e9panouir dans un monde complexe et pour exploiter toutes les possibilit\u00e9s de l&rsquo;IA<\/p>\n<\/div>\n<\/div><\/div>\n\n\n\n<hr class=\"wp-block-separator has-alpha-channel-opacity\"\/>\n\n\n\n<div class=\"wp-block-group alignfull has-global-padding is-content-justification-center is-layout-constrained wp-block-group-is-layout-constrained\" style=\"margin-top:0;margin-bottom:0\">\n<div style=\"height:var(--wp--preset--spacing--20)\" aria-hidden=\"true\" class=\"wp-block-spacer\"><\/div>\n\n\n\n<div class=\"wp-block-group alignwide is-layout-flow wp-block-group-is-layout-flow\">\n<div class=\"wp-block-columns alignwide are-vertically-aligned-top is-layout-flex wp-container-core-columns-is-layout-5c8fb865 wp-block-columns-is-layout-flex\">\n<div class=\"wp-block-column is-vertically-aligned-top has-global-padding is-content-justification-left is-layout-constrained wp-container-core-column-is-layout-95996b15 wp-block-column-is-layout-constrained\">\n<h2 class=\"wp-block-heading\">Illustration : les branches universitaires<\/h2>\n<\/div>\n\n\n\n<div class=\"wp-block-column is-vertically-aligned-top is-layout-flow wp-block-column-is-layout-flow\" style=\"flex-basis:40%\">\n<p>Approche ItCoThema pour une proposition de compositions li\u00e9es aux branches universitaires.<\/p>\n\n\n\n<p>Permet de structurer et de r\u00e9duire le co\u00fbt de traitement des prompts en accompagnant l&rsquo;IA g\u00e9n\u00e9rative avec une base de d\u00e9part et des balises pour des raisonnements complexes.<\/p>\n\n\n\n<p>Contactez-nous pour en savoir plus<\/p>\n\n\n\n<div class=\"wp-block-buttons is-layout-flex wp-block-buttons-is-layout-flex\">\n<div class=\"wp-block-button\"><a class=\"wp-block-button__link wp-element-button\" href=\"https:\/\/app.xmind.com\/share\/tK9CkEyG?xid=u2XcooqB\" target=\"_blank\" rel=\"noreferrer noopener\">Cliquez ici pour un visuel<\/a><\/div>\n<\/div>\n<\/div>\n<\/div>\n\n\n\n<div style=\"height:var(--wp--preset--spacing--20)\" aria-hidden=\"true\" class=\"wp-block-spacer\"><\/div>\n<\/div>\n\n\n\n<figure class=\"wp-block-image size-full\"><a href=\"https:\/\/app.xmind.com\/share\/tK9CkEyG?xid=u2XcooqB\" target=\"_blank\" rel=\" noreferrer noopener\"><img loading=\"lazy\" decoding=\"async\" width=\"967\" height=\"642\" src=\"https:\/\/itcothema.be\/wp-content\/uploads\/2026\/04\/ItCoThema_branches_universitaires_V2.png\" alt=\"\" class=\"wp-image-159\" style=\"aspect-ratio:16\/9;object-fit:cover\" srcset=\"https:\/\/itcothema.be\/wp-content\/uploads\/2026\/04\/ItCoThema_branches_universitaires_V2.png 967w, https:\/\/itcothema.be\/wp-content\/uploads\/2026\/04\/ItCoThema_branches_universitaires_V2-300x199.png 300w, https:\/\/itcothema.be\/wp-content\/uploads\/2026\/04\/ItCoThema_branches_universitaires_V2-768x510.png 768w\" sizes=\"auto, (max-width: 967px) 100vw, 967px\" \/><\/a><\/figure>\n\n\n\n<div style=\"height:var(--wp--preset--spacing--20)\" aria-hidden=\"true\" class=\"wp-block-spacer\"><\/div>\n<\/div>\n\n\n\n<hr class=\"wp-block-separator has-alpha-channel-opacity\"\/>\n\n\n\n<div class=\"wp-block-cover alignfull is-light wp-duotone-rgb4247103-rgb21419442-2\" style=\"margin-top:0;padding-top:48px;padding-right:48px;padding-bottom:48px;padding-left:48px;min-height:66vh;aspect-ratio:unset;\"><img decoding=\"async\" class=\"wp-block-cover__image-background wp-image-335\" alt=\"\" src=\"https:\/\/pd.w.org\/2022\/01\/26061d763eca13bb6.11341561.jpg\" data-object-fit=\"cover\"\/><span aria-hidden=\"true\" class=\"wp-block-cover__background has-background-dim-30 has-background-dim\"><\/span><div class=\"wp-block-cover__inner-container is-layout-flow wp-block-cover-is-layout-flow\">\n<div class=\"wp-block-group is-layout-flow wp-container-core-group-is-layout-feb24848 wp-block-group-is-layout-flow\">\n<h3 class=\"wp-block-heading has-text-align-center has-white-color has-text-color\" style=\"border-style:none;border-width:0px;border-radius:0px;font-size:clamp(39.111px, 2.444rem + ((1vw - 3.2px) * 3.851), 73px);font-style:normal;font-weight:700;letter-spacing:0px;line-height:1;text-transform:uppercase\">l&rsquo;approche ItCothema <br>a-t-elle une utilit\u00e9 pour votre organisation ? <br>Invitez-nous \u00e0 faire un workshop avec votre \u00e9quipe !<\/h3>\n<\/div>\n\n\n\n<div style=\"height:72px\" aria-hidden=\"true\" class=\"wp-block-spacer\"><\/div>\n\n\n\n<div class=\"wp-block-buttons is-content-justification-center is-nowrap is-layout-flex wp-container-core-buttons-is-layout-12a27398 wp-block-buttons-is-layout-flex\">\n<div class=\"wp-block-button has-custom-width wp-block-button__width-25 is-style-outline is-style-outline--1\"><a class=\"wp-block-button__link has-white-color has-text-color has-custom-font-size wp-element-button\" href=\"mailto:contact@itcothema.org\" style=\"padding-top:24px;padding-right:48px;padding-bottom:24px;padding-left:48px;font-size:clamp(14px, 0.875rem + ((1vw - 3.2px) * 0.227), 16px);font-style:normal;font-weight:600;letter-spacing:0px;text-transform:uppercase\">contact@itcothema.org<\/a><\/div>\n<\/div>\n<\/div><\/div>\n\n\n\n<hr class=\"wp-block-separator has-alpha-channel-opacity\"\/>\n\n\n\n<hr class=\"wp-block-separator has-alpha-channel-opacity\"\/>\n\n\n\n<div class=\"wp-block-media-text alignwide has-media-on-the-right is-stacked-on-mobile is-vertically-aligned-center has-background\" style=\"background-color:#c0ebf1\"><div class=\"wp-block-media-text__content\">\n<div class=\"wp-block-group is-layout-flow wp-block-group-is-layout-flow\" style=\"padding-top:2em;padding-right:2em;padding-bottom:2em;padding-left:2em\">\n<p class=\"has-extra-small-font-size\" id=\"public\">ItCoThema est en <a href=\"https:\/\/wiki.creativecommons.org\/wiki\/CC0_FAQ\" target=\"_blank\" rel=\"noreferrer noopener\">domaine public<\/a> et il n&rsquo;y a donc aucune restriction \u00e0 son utilisation.<\/p>\n\n\n\n<p>Aucune mention n&rsquo;est n\u00e9cessaire lors de son utilisation.<\/p>\n\n\n\n<p>L&rsquo;objectif est de garantir sa diffusion la plus large possible et de favoriser les projets li\u00e9s.<\/p>\n\n\n\n<p><strong>Consultez le site <a rel=\"noreferrer noopener\" href=\"http:\/\/www.itcothema.org\" target=\"_blank\">www.itcothema.org<\/a> pour la pr\u00e9sentation de l&rsquo;approche<\/strong><\/p>\n<\/div>\n<\/div><figure class=\"wp-block-media-text__media\"><a href=\"https:\/\/www.itcothema.org\" target=\"_blank\" rel=\"noreferrer noopener\"><img loading=\"lazy\" decoding=\"async\" width=\"450\" height=\"294\" src=\"https:\/\/itcothema.be\/wp-content\/uploads\/2026\/04\/ItCoThema-Logo-CC0-202308A.png\" alt=\"\" class=\"wp-image-161 size-full\" srcset=\"https:\/\/itcothema.be\/wp-content\/uploads\/2026\/04\/ItCoThema-Logo-CC0-202308A.png 450w, https:\/\/itcothema.be\/wp-content\/uploads\/2026\/04\/ItCoThema-Logo-CC0-202308A-300x196.png 300w\" sizes=\"auto, (max-width: 450px) 100vw, 450px\" \/><\/a><\/figure><\/div>\n\n\n\n<div class=\"wp-block-group alignfull has-text-color has-background is-layout-flow wp-block-group-is-layout-flow\" style=\"color:#000000;background-color:#ffffff\">\n<div style=\"height:64px\" aria-hidden=\"true\" class=\"wp-block-spacer\"><\/div>\n\n\n\n<p class=\"has-text-align-center has-small-font-size\" style=\"line-height:.9\"><strong><a href=\"mailto:contact@itcothema.org\">Contactez nous<\/a><\/strong><\/p>\n\n\n\n<h2 class=\"wp-block-heading has-text-align-center\" id=\"contact\" style=\"font-size:clamp(32.969px, 2.061rem + ((1vw - 3.2px) * 2.958), 59px);px;line-height:1.15\"><strong>Une demande ? Une question ?<\/strong><br>Vous souhaitez devenir un membre actif ?<br>Vous avez la possibilit\u00e9 de soutenir l&rsquo;initiative ?<\/h2>\n\n\n\n<div class=\"wp-block-buttons is-horizontal is-content-justification-center is-layout-flex wp-container-core-buttons-is-layout-03627597 wp-block-buttons-is-layout-flex\">\n<div class=\"wp-block-button has-custom-width wp-block-button__width-50\"><a class=\"wp-block-button__link has-text-color has-background wp-element-button\" href=\"mailto:contact@itcothema.org\" style=\"border-radius:50px;color:#ffffff;background-color:#000000\">Contactez-nous<\/a><\/div>\n<\/div>\n\n\n\n<p class=\"has-text-align-center\">Documentation de l&rsquo;approche : <a href=\"http:\/\/www.itcothema.org\">www.itcothema.org<\/a><\/p>\n\n\n\n<div style=\"height:64px\" aria-hidden=\"true\" class=\"wp-block-spacer\"><\/div>\n<\/div>\n\n\n\n<div class=\"wp-block-media-text alignwide is-stacked-on-mobile is-vertically-aligned-center has-background\" style=\"background-color:#fffdea\"><figure class=\"wp-block-media-text__media\"><img loading=\"lazy\" decoding=\"async\" width=\"842\" height=\"637\" src=\"https:\/\/itcothema.be\/wp-content\/uploads\/2026\/04\/bottom-up-top-down-v202308.png\" alt=\"\" class=\"wp-image-164 size-full\" srcset=\"https:\/\/itcothema.be\/wp-content\/uploads\/2026\/04\/bottom-up-top-down-v202308.png 842w, https:\/\/itcothema.be\/wp-content\/uploads\/2026\/04\/bottom-up-top-down-v202308-300x227.png 300w, https:\/\/itcothema.be\/wp-content\/uploads\/2026\/04\/bottom-up-top-down-v202308-768x581.png 768w\" sizes=\"auto, (max-width: 842px) 100vw, 842px\" \/><\/figure><div class=\"wp-block-media-text__content\">\n<div class=\"wp-block-group is-layout-flow wp-block-group-is-layout-flow\" style=\"padding-top:2em;padding-right:2em;padding-bottom:2em;padding-left:2em\">\n<p style=\"font-size:clamp(22.041px, 1.378rem + ((1vw - 3.2px) * 1.586), 36px);line-height:1.2\"><strong>Imaginez un jeu de soci\u00e9t\u00e9 o\u00f9 chaque coup jou\u00e9 nous aide \u00e0 d\u00e9m\u00ealer la complexit\u00e9 de notre soci\u00e9t\u00e9. En partageant nos r\u00e9flexions : nous pouvons, ensemble, d\u00e9fricher les d\u00e9bats d&rsquo;actualit\u00e9 pour ensuite partager nos d\u00e9couvertes avec les autres. Chaque partie, une \u00e9tape vers une meilleure compr\u00e9hension collective.<\/strong><\/p>\n\n\n\n<p class=\"has-extra-small-font-size\">\u2013 Si le partage d&rsquo;id\u00e9es devient un jeu collectif. Contribuer au d\u00e9bat public devient ludique.<\/p>\n<\/div>\n<\/div><\/div>\n\n\n\n<hr class=\"wp-block-separator has-alpha-channel-opacity\"\/>\n\n\n\n<div class=\"wp-block-group alignfull has-text-color has-background is-layout-flow wp-block-group-is-layout-flow\" style=\"color:#000000;background-color:#ffffff\">\n<div style=\"height:64px\" aria-hidden=\"true\" class=\"wp-block-spacer\"><\/div>\n\n\n\n<p class=\"has-text-align-center has-small-font-size\" style=\"line-height:.9\"><strong>Items Compositions Th\u00e8ses en M\u00e9thode Ascendante<\/strong><\/p>\n\n\n\n<h2 class=\"wp-block-heading has-text-align-center\" id=\"schedule-a-visit\" style=\"font-size:clamp(32.969px, 2.061rem + ((1vw - 3.2px) * 2.958), 59px);px;line-height:1.15\"><strong>Documentation de l&rsquo;approche<\/strong><\/h2>\n\n\n\n<div class=\"wp-block-buttons is-horizontal is-content-justification-center is-layout-flex wp-container-core-buttons-is-layout-03627597 wp-block-buttons-is-layout-flex\">\n<div class=\"wp-block-button has-custom-width wp-block-button__width-50\"><a class=\"wp-block-button__link has-text-color has-background wp-element-button\" href=\"https:\/\/itcothema.org\/\" style=\"border-radius:50px;color:#ffffff;background-color:#000000\">ItCoThema.org<\/a><\/div>\n<\/div>\n\n\n\n<div style=\"height:64px\" aria-hidden=\"true\" class=\"wp-block-spacer\"><\/div>\n<\/div>\n\n\n\n<p class=\"has-text-align-center\">Scannez ce code QR <strong>avec votre App bancaire<\/strong> (ouvrez l&rsquo;application et cliquez sur l&rsquo;option scanner), modifiez le montant en fonction de votre don et validez le paiement :<\/p>\n\n\n\n<figure class=\"wp-block-image aligncenter size-full\"><img loading=\"lazy\" decoding=\"async\" width=\"270\" height=\"270\" src=\"https:\/\/itcothema.be\/wp-content\/uploads\/2026\/04\/ItCoThema_Don_Projets_25eur_BW_no_label.png\" alt=\"\" class=\"wp-image-166\" srcset=\"https:\/\/itcothema.be\/wp-content\/uploads\/2026\/04\/ItCoThema_Don_Projets_25eur_BW_no_label.png 270w, https:\/\/itcothema.be\/wp-content\/uploads\/2026\/04\/ItCoThema_Don_Projets_25eur_BW_no_label-150x150.png 150w\" sizes=\"auto, (max-width: 270px) 100vw, 270px\" \/><\/figure>\n\n\n\n<p>L\u2019<strong>ASBL ItCoThema<\/strong>, association sans but lucratif,&nbsp;\u00e9tablie en&nbsp;<a href=\"https:\/\/itcothema.be\/\">Belgique <\/a>(Num\u00e9ro d\u2019entreprise BE&nbsp;<a href=\"https:\/\/kbopub.economie.fgov.be\/kbopub\/toonondernemingps.html?ondernemingsnummer=1020811172\" target=\"_blank\" rel=\"noreferrer noopener\">1020.811.172<\/a> &#8211; <a href=\"https:\/\/kbopub.economie.fgov.be\/kbopub\/toonondernemingps.html?ondernemingsnummer=1020811172\">cliquez sur le num\u00e9ro d&rsquo;entreprise<\/a> pour consulter les informations l\u00e9gales de l&rsquo;ASBL)<br>L\u2019association&nbsp;<a href=\"https:\/\/itcothema.be\/\">ItCoThema Belgique<\/a>&nbsp;a pour missions : la promotion de l\u2019approche \u00ab&nbsp;Items \u2013 Compositions \u2013 Th\u00e8ses en m\u00e9thode ascendante&nbsp;\u00bb (ItCoThema en abr\u00e9g\u00e9) et la d\u00e9fense de la dimension domaine public de toutes ses composantes ainsi que la maintenance de la communication li\u00e9e au site ItCoThema.org<\/p>\n","protected":false},"excerpt":{"rendered":"<p>Initiative en domaine public pour faciliter les d\u00e9bats et les analyses. ItCoThema Belgique L&rsquo;entit\u00e9 belge ItCoThema vous accompagne localement et travaille sur les contenus sp\u00e9cifiques \u00e0 la Belgique. Items Compositions Th\u00e8ses Documentation compl\u00e8te sur www.itcothema.org D\u00e9couvrez l&rsquo;approche ItCoThema en d\u00e9tails et en vid\u00e9os Illustration : les branches universitaires Approche ItCoThema pour une proposition de compositions [&hellip;]<\/p>\n","protected":false},"author":1,"featured_media":0,"parent":0,"menu_order":0,"comment_status":"closed","ping_status":"closed","template":"","meta":{"footnotes":""},"class_list":["post-50","page","type-page","status-publish","hentry"],"_links":{"self":[{"href":"https:\/\/itcothema.be\/index.php\/wp-json\/wp\/v2\/pages\/50","targetHints":{"allow":["GET"]}}],"collection":[{"href":"https:\/\/itcothema.be\/index.php\/wp-json\/wp\/v2\/pages"}],"about":[{"href":"https:\/\/itcothema.be\/index.php\/wp-json\/wp\/v2\/types\/page"}],"author":[{"embeddable":true,"href":"https:\/\/itcothema.be\/index.php\/wp-json\/wp\/v2\/users\/1"}],"replies":[{"embeddable":true,"href":"https:\/\/itcothema.be\/index.php\/wp-json\/wp\/v2\/comments?post=50"}],"version-history":[{"count":44,"href":"https:\/\/itcothema.be\/index.php\/wp-json\/wp\/v2\/pages\/50\/revisions"}],"predecessor-version":[{"id":167,"href":"https:\/\/itcothema.be\/index.php\/wp-json\/wp\/v2\/pages\/50\/revisions\/167"}],"wp:attachment":[{"href":"https:\/\/itcothema.be\/index.php\/wp-json\/wp\/v2\/media?parent=50"}],"curies":[{"name":"wp","href":"https:\/\/api.w.org\/{rel}","templated":true}]}}